{"id":1487,"date":"2023-03-29T10:34:18","date_gmt":"2023-03-29T10:34:18","guid":{"rendered":"https:\/\/www.sabadellbusinesscenter.com\/trasteros\/"},"modified":"2023-05-30T06:54:31","modified_gmt":"2023-05-30T06:54:31","slug":"trasters","status":"publish","type":"page","link":"https:\/\/www.sabadellbusinesscenter.com\/ca\/trasters\/","title":{"rendered":"Trasters"},"content":{"rendered":"\t\t<div data-elementor-type=\"wp-page\" data-elementor-id=\"1487\" class=\"elementor elementor-1487\">\n\t\t\t\t\t\t<section class=\"elementor-section elementor-top-section elementor-element elementor-element-043a0b7 elementor-section-boxed elementor-section-height-default elementor-section-height-default\" data-id=\"043a0b7\" data-element_type=\"section\" data-e-type=\"section\" data-settings=\"{&quot;background_background&quot;:&quot;classic&quot;}\">\n\t\t\t\t\t\t<div class=\"elementor-container elementor-column-gap-no\">\n\t\t\t\t\t<div class=\"elementor-column elementor-col-100 elementor-top-column elementor-element elementor-element-4e8fe02\" data-id=\"4e8fe02\" data-element_type=\"column\" data-e-type=\"column\">\n\t\t\t<div class=\"elementor-widget-wrap elementor-element-populated\">\n\t\t\t\t\t\t<div class=\"elementor-element elementor-element-d47fa56 elementor-widget elementor-widget-heading\" data-id=\"d47fa56\" data-element_type=\"widget\" data-e-type=\"widget\" data-widget_type=\"heading.default\">\n\t\t\t\t<div class=\"elementor-widget-container\">\n\t\t\t\t\t<h1 class=\"elementor-heading-title elementor-size-default\">Trasters<\/h1>\t\t\t\t<\/div>\n\t\t\t\t<\/div>\n\t\t\t\t<div class=\"elementor-element elementor-element-b6758bf elementor-align-center elementor-widget elementor-widget-raven-breadcrumbs\" data-id=\"b6758bf\" data-element_type=\"widget\" data-e-type=\"widget\" data-widget_type=\"raven-breadcrumbs.default\">\n\t\t\t\t<div class=\"elementor-widget-container\">\n\t\t\t\t\t<div class=\"raven-breadcrumbs raven-breadcrumbs-default\"><div class=\"breadcrumb\">\t\t\t\t<div class=\"breadcrumb-item active\" aria-current=\"page\"><span>Home<\/span><\/div>\n\n\t\t\t\t<\/div><\/div>\t\t\t\t<\/div>\n\t\t\t\t<\/div>\n\t\t\t\t\t<\/div>\n\t\t<\/div>\n\t\t\t\t\t<\/div>\n\t\t<\/section>\n\t\t\t\t<section class=\"elementor-section elementor-top-section elementor-element elementor-element-29a28c3 elementor-section-boxed elementor-section-height-default elementor-section-height-default\" data-id=\"29a28c3\" data-element_type=\"section\" data-e-type=\"section\">\n\t\t\t\t\t\t<div class=\"elementor-container elementor-column-gap-no\">\n\t\t\t\t\t<div class=\"elementor-column elementor-col-50 elementor-top-column elementor-element elementor-element-03cad20\" data-id=\"03cad20\" data-element_type=\"column\" data-e-type=\"column\">\n\t\t\t<div class=\"elementor-widget-wrap elementor-element-populated\">\n\t\t\t\t\t\t<div class=\"elementor-element elementor-element-604ff89 elementor-widget elementor-widget-raven-image\" data-id=\"604ff89\" data-element_type=\"widget\" data-e-type=\"widget\" data-widget_type=\"raven-image.default\">\n\t\t\t\t<div class=\"elementor-widget-container\">\n\t\t\t\t\t\t\t<div class=\"raven-image\">\n\t\t\n\t\t\n\t\t<img fetchpriority=\"high\" decoding=\"async\" width=\"1920\" height=\"1280\" src=\"https:\/\/www.sabadellbusinesscenter.com\/wp-content\/uploads\/2023\/03\/storage-industrial-building-rental-entrepreneurs-individuals-with-recyclable-cardboard-boxes-top-pallet-rack.jpg\" class=\"attachment-full size-full wp-image-1412\" alt=\"\" srcset=\"https:\/\/www.sabadellbusinesscenter.com\/wp-content\/uploads\/2023\/03\/storage-industrial-building-rental-entrepreneurs-individuals-with-recyclable-cardboard-boxes-top-pallet-rack.jpg 1920w, https:\/\/www.sabadellbusinesscenter.com\/wp-content\/uploads\/2023\/03\/storage-industrial-building-rental-entrepreneurs-individuals-with-recyclable-cardboard-boxes-top-pallet-rack-300x200.jpg 300w, https:\/\/www.sabadellbusinesscenter.com\/wp-content\/uploads\/2023\/03\/storage-industrial-building-rental-entrepreneurs-individuals-with-recyclable-cardboard-boxes-top-pallet-rack-1024x683.jpg 1024w, https:\/\/www.sabadellbusinesscenter.com\/wp-content\/uploads\/2023\/03\/storage-industrial-building-rental-entrepreneurs-individuals-with-recyclable-cardboard-boxes-top-pallet-rack-768x512.jpg 768w, https:\/\/www.sabadellbusinesscenter.com\/wp-content\/uploads\/2023\/03\/storage-industrial-building-rental-entrepreneurs-individuals-with-recyclable-cardboard-boxes-top-pallet-rack-1536x1024.jpg 1536w\" sizes=\"(max-width: 1920px) 100vw, 1920px\" \/>\t\t<\/div>\n\t\t\t\t\t\t<\/div>\n\t\t\t\t<\/div>\n\t\t\t\t\t<\/div>\n\t\t<\/div>\n\t\t\t\t<div class=\"elementor-column elementor-col-50 elementor-top-column elementor-element elementor-element-7e25423\" data-id=\"7e25423\" data-element_type=\"column\" data-e-type=\"column\">\n\t\t\t<div class=\"elementor-widget-wrap elementor-element-populated\">\n\t\t\t\t\t\t<div class=\"elementor-element elementor-element-34a4565 elementor-widget elementor-widget-heading\" data-id=\"34a4565\" data-element_type=\"widget\" data-e-type=\"widget\" data-widget_type=\"heading.default\">\n\t\t\t\t<div class=\"elementor-widget-container\">\n\t\t\t\t\t<h5 class=\"elementor-heading-title elementor-size-default\">sabadell business center<\/h5>\t\t\t\t<\/div>\n\t\t\t\t<\/div>\n\t\t\t\t<div class=\"elementor-element elementor-element-80b3099 elementor-widget elementor-widget-heading\" data-id=\"80b3099\" data-element_type=\"widget\" data-e-type=\"widget\" data-widget_type=\"heading.default\">\n\t\t\t\t<div class=\"elementor-widget-container\">\n\t\t\t\t\t<h2 class=\"elementor-heading-title elementor-size-default\">Lloguer de trasters <br>a Sabadell<\/h2>\t\t\t\t<\/div>\n\t\t\t\t<\/div>\n\t\t\t\t<div class=\"elementor-element elementor-element-24c7c24 elementor-widget elementor-widget-text-editor\" data-id=\"24c7c24\" data-element_type=\"widget\" data-e-type=\"widget\" data-widget_type=\"text-editor.default\">\n\t\t\t\t<div class=\"elementor-widget-container\">\n\t\t\t\t\t\t\t\t\t<p>Si necessites un espai extra al teu habitatge o al teu negoci. T&#8217;oferim el lloguer de trasters a la planta del soterrani de SBC, on disposem de 45 trasters des de 0,90m<sup>2<\/sup> a 25m<sup>2<\/sup>.<\/p><p>Trasters situats a Sabadell Sud de f\u00e0cil acc\u00e9s sense cap problema d&#8217;aparcament, amb moll de c\u00e0rrega i desc\u00e0rrega.<\/p><p><a href=\"https:\/\/www.sabadelltrasters.com\/\" target=\"_blank\" rel=\"noopener\">www.sabadelltrasters.com<\/a><\/p>\t\t\t\t\t\t\t\t<\/div>\n\t\t\t\t<\/div>\n\t\t\t\t<div class=\"elementor-element elementor-element-eaacba9 elementor-widget elementor-widget-raven-button\" data-id=\"eaacba9\" data-element_type=\"widget\" data-e-type=\"widget\" data-settings=\"{&quot;turn_to_popup_action_button&quot;:&quot;no&quot;}\" data-widget_type=\"raven-button.default\">\n\t\t\t\t<div class=\"elementor-widget-container\">\n\t\t\t\t\t\t\t<div class=\"raven-widget-wrapper\">\n\t\t\t<a class=\"raven-button raven-button-widget-normal-effect-none  raven-button-text-align-center raven-button-link elementor-animation-none\" href=\"https:\/\/www.sabadellbusinesscenter.com\/ca\/contacte\/\">\t\t\t\t<div class=\"raven-button-overlay\" ><\/div>\n\t\t\t\t<span class=\"raven-button-content\">\n\t\t\t\t\t\n\t\t\t\t\t<div class=\"button-text-container\">\n\t\t\t\t\t\t\t\t\t\t\t\t<div class=\"raven-button-texts-wrapper\">\n\t\t\t\t\t\t\t<div class=\"button-text\">\n\t\t\t\t\t\t\t\t<span class=\"raven-button-text\">\n\t\t\t\t\t\t\t\t\tInforma't\t\t\t\t\t\t\t\t<\/span>\n\t\t\t\t\t\t\t<\/div>\n\t\t\t\t\t\t\t\t\t\t\t\t\t<\/div>\n\t\t\t\t\t\t\t\t\t\t\t<\/div>\n\t\t\t\t\t\n\t\t\t\t\t\t\t\t\t<\/span>\n\t\t\t<\/a>\t\t<\/div>\n\t\t\t\t\t\t<\/div>\n\t\t\t\t<\/div>\n\t\t\t\t\t<\/div>\n\t\t<\/div>\n\t\t\t\t\t<\/div>\n\t\t<\/section>\n\t\t\t\t<section class=\"elementor-section elementor-top-section elementor-element elementor-element-d11188c elementor-reverse-tablet elementor-reverse-mobile elementor-section-boxed elementor-section-height-default elementor-section-height-default\" data-id=\"d11188c\" data-element_type=\"section\" data-e-type=\"section\" data-settings=\"{&quot;background_background&quot;:&quot;classic&quot;}\">\n\t\t\t\t\t\t<div class=\"elementor-container elementor-column-gap-no\">\n\t\t\t\t\t<div class=\"elementor-column elementor-col-100 elementor-top-column elementor-element elementor-element-fb73df3\" data-id=\"fb73df3\" data-element_type=\"column\" data-e-type=\"column\" data-settings=\"{&quot;background_background&quot;:&quot;classic&quot;}\">\n\t\t\t<div class=\"elementor-widget-wrap elementor-element-populated\">\n\t\t\t\t\t\t<div class=\"elementor-element elementor-element-c5cb79d gallery-layout-grid content-visibility-visible content-layout-under-image video-preview-player sticky-filter-bar-false elementor-widget elementor-widget-raven-media-gallery\" data-id=\"c5cb79d\" data-element_type=\"widget\" data-e-type=\"widget\" data-settings=\"{&quot;content_layout_visible&quot;:&quot;under-image&quot;}\" data-widget_type=\"raven-media-gallery.default\">\n\t\t\t\t<div class=\"elementor-widget-container\">\n\t\t\t\t\t<div class=\"raven-media-gallery-wrapper\"><div class=\"raven-media-gallery-tab-contents\"><div data-raven-content-index=\"0\" class=\"content active\">\t\t<a class=\"gallery-item\" href=\"https:\/\/www.sabadellbusinesscenter.com\/wp-content\/uploads\/2023\/04\/c-negocios-trasteros-47.jpg\" data-elementor-open-lightbox=\"yes\" data-elementor-lightbox-slideshow=\"all-c5cb79d\">\n\t\t\t<div class=\"type-image\">\n\t\t\t\t<div class=\"poster\">\n\t\t\t\t\t\t\t\t\t\t<img decoding=\"async\" loading=\"lazy\" src=\"https:\/\/www.sabadellbusinesscenter.com\/wp-content\/uploads\/2023\/04\/c-negocios-trasteros-47-768x510.jpg\" alt=\"\">\n\t\t\t\t<\/div>\n\t\t\t<\/div>\n\t\t\t\t\t<div class=\"overlay\">\n\t\t\t\t\t\t\t<p class=\"description\">\n\t\t\t\t\t\t\t\t\t<\/p>\n\t\t\t\t\t\t\t<p class=\"alt\">\n\t\t\t\t\t\t\t\t\t<\/p>\n\t\t\t\t\t<\/div>\n\t\t\t\t<\/a>\n\t\t\t\t<a class=\"gallery-item\" href=\"https:\/\/www.sabadellbusinesscenter.com\/wp-content\/uploads\/2023\/04\/c-negocios-trasteros-28.jpg\" data-elementor-open-lightbox=\"yes\" data-elementor-lightbox-slideshow=\"all-c5cb79d\">\n\t\t\t<div class=\"type-image\">\n\t\t\t\t<div class=\"poster\">\n\t\t\t\t\t\t\t\t\t\t<img decoding=\"async\" loading=\"lazy\" src=\"https:\/\/www.sabadellbusinesscenter.com\/wp-content\/uploads\/2023\/04\/c-negocios-trasteros-28-768x478.jpg\" alt=\"\">\n\t\t\t\t<\/div>\n\t\t\t<\/div>\n\t\t\t\t\t<div class=\"overlay\">\n\t\t\t\t\t\t\t<p class=\"description\">\n\t\t\t\t\t\t\t\t\t<\/p>\n\t\t\t\t\t\t\t<p class=\"alt\">\n\t\t\t\t\t\t\t\t\t<\/p>\n\t\t\t\t\t<\/div>\n\t\t\t\t<\/a>\n\t\t\t\t<a class=\"gallery-item\" href=\"https:\/\/www.sabadellbusinesscenter.com\/wp-content\/uploads\/2023\/04\/c-negocios-trasteros-15.jpg\" data-elementor-open-lightbox=\"yes\" data-elementor-lightbox-slideshow=\"all-c5cb79d\">\n\t\t\t<div class=\"type-image\">\n\t\t\t\t<div class=\"poster\">\n\t\t\t\t\t\t\t\t\t\t<img decoding=\"async\" loading=\"lazy\" src=\"https:\/\/www.sabadellbusinesscenter.com\/wp-content\/uploads\/2023\/04\/c-negocios-trasteros-15-768x510.jpg\" alt=\"\">\n\t\t\t\t<\/div>\n\t\t\t<\/div>\n\t\t\t\t\t<div class=\"overlay\">\n\t\t\t\t\t\t\t<p class=\"description\">\n\t\t\t\t\t\t\t\t\t<\/p>\n\t\t\t\t\t\t\t<p class=\"alt\">\n\t\t\t\t\t\t\t\t\t<\/p>\n\t\t\t\t\t<\/div>\n\t\t\t\t<\/a>\n\t\t\t\t<a class=\"gallery-item\" href=\"https:\/\/www.sabadellbusinesscenter.com\/wp-content\/uploads\/2023\/04\/c-negocios-trasteros-14.jpg\" data-elementor-open-lightbox=\"yes\" data-elementor-lightbox-slideshow=\"all-c5cb79d\">\n\t\t\t<div class=\"type-image\">\n\t\t\t\t<div class=\"poster\">\n\t\t\t\t\t\t\t\t\t\t<img decoding=\"async\" loading=\"lazy\" src=\"https:\/\/www.sabadellbusinesscenter.com\/wp-content\/uploads\/2023\/04\/c-negocios-trasteros-14-768x510.jpg\" alt=\"\">\n\t\t\t\t<\/div>\n\t\t\t<\/div>\n\t\t\t\t\t<div class=\"overlay\">\n\t\t\t\t\t\t\t<p class=\"description\">\n\t\t\t\t\t\t\t\t\t<\/p>\n\t\t\t\t\t\t\t<p class=\"alt\">\n\t\t\t\t\t\t\t\t\t<\/p>\n\t\t\t\t\t<\/div>\n\t\t\t\t<\/a>\n\t\t<\/div><\/div><\/div>\t\t\t\t<\/div>\n\t\t\t\t<\/div>\n\t\t\t\t\t<\/div>\n\t\t<\/div>\n\t\t\t\t\t<\/div>\n\t\t<\/section>\n\t\t\t\t<section class=\"elementor-section elementor-top-section elementor-element elementor-element-51995dc elementor-section-boxed elementor-section-height-default elementor-section-height-default\" data-id=\"51995dc\" data-element_type=\"section\" data-e-type=\"section\" data-settings=\"{&quot;background_background&quot;:&quot;classic&quot;}\">\n\t\t\t\t\t\t<div class=\"elementor-container elementor-column-gap-no\">\n\t\t\t\t\t<div class=\"elementor-column elementor-col-100 elementor-top-column elementor-element elementor-element-8c43681\" data-id=\"8c43681\" data-element_type=\"column\" data-e-type=\"column\">\n\t\t\t<div class=\"elementor-widget-wrap elementor-element-populated\">\n\t\t\t\t\t\t<div class=\"elementor-element elementor-element-8320800 elementor-widget elementor-widget-heading\" data-id=\"8320800\" data-element_type=\"widget\" data-e-type=\"widget\" data-widget_type=\"heading.default\">\n\t\t\t\t<div class=\"elementor-widget-container\">\n\t\t\t\t\t<h2 class=\"elementor-heading-title elementor-size-default\">Ideals per a l'emmagatzematge<\/h2>\t\t\t\t<\/div>\n\t\t\t\t<\/div>\n\t\t\t\t\t<\/div>\n\t\t<\/div>\n\t\t\t\t\t<\/div>\n\t\t<\/section>\n\t\t\t\t<section class=\"elementor-section elementor-top-section elementor-element elementor-element-949bc11 elementor-section-boxed elementor-section-height-default elementor-section-height-default\" data-id=\"949bc11\" data-element_type=\"section\" data-e-type=\"section\" data-settings=\"{&quot;background_background&quot;:&quot;classic&quot;}\">\n\t\t\t\t\t\t<div class=\"elementor-container elementor-column-gap-no\">\n\t\t\t\t\t<div class=\"elementor-column elementor-col-50 elementor-top-column elementor-element elementor-element-2f8e7f2\" data-id=\"2f8e7f2\" data-element_type=\"column\" data-e-type=\"column\" data-settings=\"{&quot;background_background&quot;:&quot;classic&quot;}\">\n\t\t\t<div class=\"elementor-widget-wrap elementor-element-populated\">\n\t\t\t\t\t\t<div class=\"elementor-element elementor-element-2c87c72 elementor-position-top elementor-widget elementor-widget-image-box\" data-id=\"2c87c72\" data-element_type=\"widget\" data-e-type=\"widget\" data-widget_type=\"image-box.default\">\n\t\t\t\t<div class=\"elementor-widget-container\">\n\t\t\t\t\t<div class=\"elementor-image-box-wrapper\"><figure class=\"elementor-image-box-img\"><img decoding=\"async\" width=\"96\" height=\"96\" src=\"https:\/\/www.sabadellbusinesscenter.com\/wp-content\/uploads\/2023\/03\/icons8-filing-cabinet-96.png\" class=\"attachment-full size-full wp-image-764\" alt=\"\" \/><\/figure><div class=\"elementor-image-box-content\"><h3 class=\"elementor-image-box-title\">Material divers<\/h3><p class=\"elementor-image-box-description\">Roba, joguines, material doficina, arxiu de documents.<\/p><\/div><\/div>\t\t\t\t<\/div>\n\t\t\t\t<\/div>\n\t\t\t\t\t<\/div>\n\t\t<\/div>\n\t\t\t\t<div class=\"elementor-column elementor-col-50 elementor-top-column elementor-element elementor-element-ff4522f\" data-id=\"ff4522f\" data-element_type=\"column\" data-e-type=\"column\" data-settings=\"{&quot;background_background&quot;:&quot;classic&quot;}\">\n\t\t\t<div class=\"elementor-widget-wrap elementor-element-populated\">\n\t\t\t\t\t\t<div class=\"elementor-element elementor-element-bbcf53a elementor-position-top elementor-widget elementor-widget-image-box\" data-id=\"bbcf53a\" data-element_type=\"widget\" data-e-type=\"widget\" data-widget_type=\"image-box.default\">\n\t\t\t\t<div class=\"elementor-widget-container\">\n\t\t\t\t\t<div class=\"elementor-image-box-wrapper\"><figure class=\"elementor-image-box-img\"><img decoding=\"async\" width=\"96\" height=\"96\" src=\"https:\/\/www.sabadellbusinesscenter.com\/wp-content\/uploads\/2023\/03\/icons8-bicycle-96.png\" class=\"attachment-full size-full wp-image-762\" alt=\"\" \/><\/figure><div class=\"elementor-image-box-content\"><h3 class=\"elementor-image-box-title\">Voluminosos<\/h3><p class=\"elementor-image-box-description\">Bicicletes, mobiliari, eines.\nElectrodom\u00e8stics, mobles, petites maquin\u00e0ries.\nCom a magatzem de mercaderies per a petits negocis.<\/p><\/div><\/div>\t\t\t\t<\/div>\n\t\t\t\t<\/div>\n\t\t\t\t\t<\/div>\n\t\t<\/div>\n\t\t\t\t\t<\/div>\n\t\t<\/section>\n\t\t\t\t<section class=\"elementor-section elementor-top-section elementor-element elementor-element-eb59a45 elementor-section-boxed elementor-section-height-default elementor-section-height-default\" data-id=\"eb59a45\" data-element_type=\"section\" data-e-type=\"section\" data-settings=\"{&quot;background_background&quot;:&quot;classic&quot;}\">\n\t\t\t\t\t\t\t<div class=\"elementor-background-overlay\"><\/div>\n\t\t\t\t\t\t\t<div class=\"elementor-container elementor-column-gap-no\">\n\t\t\t\t\t<div class=\"elementor-column elementor-col-50 elementor-top-column elementor-element elementor-element-34b2f82\" data-id=\"34b2f82\" data-element_type=\"column\" data-e-type=\"column\">\n\t\t\t<div class=\"elementor-widget-wrap elementor-element-populated\">\n\t\t\t\t\t\t<div class=\"elementor-element elementor-element-12519ab elementor-widget elementor-widget-raven-counter\" data-id=\"12519ab\" data-element_type=\"widget\" data-e-type=\"widget\" data-settings=\"{&quot;columns&quot;:&quot;1&quot;,&quot;columns_tablet&quot;:2,&quot;columns_mobile&quot;:1}\" data-widget_type=\"raven-counter.default\">\n\t\t\t\t<div class=\"elementor-widget-container\">\n\t\t\t\t\t\t\t<div class=\"raven-counter-list raven-flex raven-flex-wrap raven-flex-between raven-flex-middle\">\n\t\t\t\t\t\t\t<div class=\"raven-counter-item\">\n\t\t\t\t\t<div class=\"raven-counter-icon\">\n\t\t\t\t\t\n\t\t\t\t\t<\/div>\n\t\t\t\t\t<div class=\"raven-counter-number-wrapper\">\n\t\t\t\t\t\t<span class=\"raven-counter-number-prefix\"><\/span>\n\t\t\t\t\t\t<span class=\"raven-counter-number\" data-raven-counter=\"\" data-duration=\"2000\" data-to-value=\"24\" data-delimiter=\",\">24<\/span>\n\t\t\t\t\t\t<span class=\"raven-counter-number-suffix\">h<\/span>\n\t\t\t\t\t<\/div>\n\t\t\t\t\t\t\t\t\t\t\t<div class=\"raven-counter-title\">Vigil\u00e0ncia i seguretat 24 hores.<\/div>\n\t\t\t\t\t\t\t\t\t<\/div>\n\t\t\t\t\t<\/div>\n\t\t\t\t\t\t<\/div>\n\t\t\t\t<\/div>\n\t\t\t\t\t<\/div>\n\t\t<\/div>\n\t\t\t\t<div class=\"elementor-column elementor-col-50 elementor-top-column elementor-element elementor-element-634ec13\" data-id=\"634ec13\" data-element_type=\"column\" data-e-type=\"column\">\n\t\t\t<div class=\"elementor-widget-wrap elementor-element-populated\">\n\t\t\t\t\t\t<div class=\"elementor-element elementor-element-e853872 elementor-widget elementor-widget-heading\" data-id=\"e853872\" data-element_type=\"widget\" data-e-type=\"widget\" data-widget_type=\"heading.default\">\n\t\t\t\t<div class=\"elementor-widget-container\">\n\t\t\t\t\t<h4 class=\"elementor-heading-title elementor-size-default\">Situaci\u00f3n<\/h4>\t\t\t\t<\/div>\n\t\t\t\t<\/div>\n\t\t\t\t<div class=\"elementor-element elementor-element-f908759 elementor-widget elementor-widget-text-editor\" data-id=\"f908759\" data-element_type=\"widget\" data-e-type=\"widget\" data-widget_type=\"text-editor.default\">\n\t\t\t\t<div class=\"elementor-widget-container\">\n\t\t\t\t\t\t\t\t\t<p>Trasters situats al soterrani de l&#8217;edifici SABADELL BUSINESS CENTER.<\/p>\t\t\t\t\t\t\t\t<\/div>\n\t\t\t\t<\/div>\n\t\t\t\t\t<\/div>\n\t\t<\/div>\n\t\t\t\t\t<\/div>\n\t\t<\/section>\n\t\t\t\t<section class=\"elementor-section elementor-top-section elementor-element elementor-element-429a2e7 elementor-section-boxed elementor-section-height-default elementor-section-height-default\" data-id=\"429a2e7\" data-element_type=\"section\" data-e-type=\"section\" data-settings=\"{&quot;background_background&quot;:&quot;classic&quot;}\">\n\t\t\t\t\t\t<div class=\"elementor-container elementor-column-gap-no\">\n\t\t\t\t\t<div class=\"elementor-column elementor-col-100 elementor-top-column elementor-element elementor-element-e60a57e\" data-id=\"e60a57e\" data-element_type=\"column\" data-e-type=\"column\">\n\t\t\t<div class=\"elementor-widget-wrap elementor-element-populated\">\n\t\t\t\t\t\t<div class=\"elementor-element elementor-element-26e16f4 elementor-widget elementor-widget-heading\" data-id=\"26e16f4\" data-element_type=\"widget\" data-e-type=\"widget\" data-widget_type=\"heading.default\">\n\t\t\t\t<div class=\"elementor-widget-container\">\n\t\t\t\t\t<h5 class=\"elementor-heading-title elementor-size-default\">PLANS &amp; PREUS\n<\/h5>\t\t\t\t<\/div>\n\t\t\t\t<\/div>\n\t\t\t\t<div class=\"elementor-element elementor-element-ea5ee6b elementor-widget elementor-widget-heading\" data-id=\"ea5ee6b\" data-element_type=\"widget\" data-e-type=\"widget\" data-widget_type=\"heading.default\">\n\t\t\t\t<div class=\"elementor-widget-container\">\n\t\t\t\t\t<h2 class=\"elementor-heading-title elementor-size-default\">Les nostres Tarifes<\/h2>\t\t\t\t<\/div>\n\t\t\t\t<\/div>\n\t\t\t\t\t<\/div>\n\t\t<\/div>\n\t\t\t\t\t<\/div>\n\t\t<\/section>\n\t\t\t\t<section class=\"elementor-section elementor-top-section elementor-element elementor-element-de120f4 elementor-section-boxed elementor-section-height-default elementor-section-height-default\" data-id=\"de120f4\" data-element_type=\"section\" data-e-type=\"section\" data-settings=\"{&quot;background_background&quot;:&quot;classic&quot;}\">\n\t\t\t\t\t\t<div class=\"elementor-container elementor-column-gap-no\">\n\t\t\t\t\t<div class=\"elementor-column elementor-col-33 elementor-top-column elementor-element elementor-element-c9c6829\" data-id=\"c9c6829\" data-element_type=\"column\" data-e-type=\"column\">\n\t\t\t<div class=\"elementor-widget-wrap\">\n\t\t\t\t\t\t\t<\/div>\n\t\t<\/div>\n\t\t\t\t<div class=\"elementor-column elementor-col-33 elementor-top-column elementor-element elementor-element-073b19b\" data-id=\"073b19b\" data-element_type=\"column\" data-e-type=\"column\">\n\t\t\t<div class=\"elementor-widget-wrap\">\n\t\t\t\t\t\t\t<\/div>\n\t\t<\/div>\n\t\t\t\t<div class=\"elementor-column elementor-col-33 elementor-top-column elementor-element elementor-element-87fcc92\" data-id=\"87fcc92\" data-element_type=\"column\" data-e-type=\"column\">\n\t\t\t<div class=\"elementor-widget-wrap\">\n\t\t\t\t\t\t\t<\/div>\n\t\t<\/div>\n\t\t\t\t\t<\/div>\n\t\t<\/section>\n\t\t\t\t<\/div>\n\t\t","protected":false},"excerpt":{"rendered":"<p>Trasters Home sabadell business center Lloguer de trasters a Sabadell Si necessites un espai extra al teu habitatge o al teu negoci. T&#8217;oferim el lloguer de trasters a la planta del soterrani de SBC, on disposem de 45 trasters des de 0,90m2 a 25m2. Trasters situats a Sabadell Sud de f\u00e0cil acc\u00e9s sense cap problema [&hellip;]<\/p>\n","protected":false},"author":1,"featured_media":0,"parent":0,"menu_order":0,"comment_status":"closed","ping_status":"closed","template":"full-width.php","meta":{"_acf_changed":false,"footnotes":""},"class_list":["post-1487","page","type-page","status-publish","hentry"],"acf":[],"_links":{"self":[{"href":"https:\/\/www.sabadellbusinesscenter.com\/ca\/wp-json\/wp\/v2\/pages\/1487","targetHints":{"allow":["GET"]}}],"collection":[{"href":"https:\/\/www.sabadellbusinesscenter.com\/ca\/wp-json\/wp\/v2\/pages"}],"about":[{"href":"https:\/\/www.sabadellbusinesscenter.com\/ca\/wp-json\/wp\/v2\/types\/page"}],"author":[{"embeddable":true,"href":"https:\/\/www.sabadellbusinesscenter.com\/ca\/wp-json\/wp\/v2\/users\/1"}],"replies":[{"embeddable":true,"href":"https:\/\/www.sabadellbusinesscenter.com\/ca\/wp-json\/wp\/v2\/comments?post=1487"}],"version-history":[{"count":0,"href":"https:\/\/www.sabadellbusinesscenter.com\/ca\/wp-json\/wp\/v2\/pages\/1487\/revisions"}],"wp:attachment":[{"href":"https:\/\/www.sabadellbusinesscenter.com\/ca\/wp-json\/wp\/v2\/media?parent=1487"}],"curies":[{"name":"wp","href":"https:\/\/api.w.org\/{rel}","templated":true}]}}